{"id":13571,"date":"2025-02-27T02:00:05","date_gmt":"2025-02-27T01:00:05","guid":{"rendered":"https:\/\/www.modifystudio.sk\/?page_id=13571"},"modified":"2026-03-07T01:37:35","modified_gmt":"2026-03-07T00:37:35","slug":"modify-studio","status":"publish","type":"page","link":"https:\/\/www.modifystudio.sk\/","title":{"rendered":"mOdify studio"},"content":{"rendered":"\n\n\t<h2>\n\t\t\t\t\tHi,\n\t\t\t\t<\/h2>\n\t<h2>\n\t\t\t\t\twe are\n\t\t\t\t<\/h2>\n\t<h2>\n\t\t\t\t\tmOdify studio\n\t\t\t\t<\/h2>\n\t<p>Na\u0161a crew v\u00e1m pon\u00faka jedine\u010dnu zmes digit\u00e1lnych zru\u010dnost\u00ed, s cie\u013eom prinies\u0165 do v\u00e1\u0161ho projektu nov\u00fd inovat\u00edvny rozmer, ktor\u00fd zanech\u00e1 dojem, vyvol\u00e1 em\u00f3cie a bude in\u0161pirova\u0165.Radi spolupracujeme s firmami a jednotlivcami, ktor\u00ed tvoria n\u00e1padit\u00e9 produkty a unik\u00e1tne koncepty, preto\u017ee to n\u00e1m umo\u017e\u0148uje objavova\u0165 nov\u00e9 horizonty a mnohokrat nev\u00e1hame prekro\u010di\u0165 hranice be\u017en\u00fdch rie\u0161en\u00ed.<\/p>\n\t<h3>\n\t\t\t\t\tConcepts\n\t\t\t\t<\/h3>\n\t<h3>\n\t\t\t\t\tAnimation\n\t\t\t\t<\/h3>\n\t<h3>\n\t\t\t\t\tProduction\n\t\t\t\t<\/h3>\n\t<h3>\n\t\t\t\t\tMotion\n\t\t\t\t<\/h3>\n\t<h3>\n\t\t\t\t\tCapture\n\t\t\t\t<\/h3>\n\t<h3>\n\t\t\t\t\tCompositing\n\t\t\t\t<\/h3>\n\t<h3>\n\t\t\t\t\tVR \/ AR\n\t\t\t\t<\/h3>\n\t<h3>\n\t\t\t\t\tAudio\n\t\t\t\t<\/h3>\n\t\t\t\t<img loading=\"lazy\" decoding=\"async\" src=\"https:\/\/www.modifystudio.sk\/wp-content\/uploads\/2025\/02\/lines_all_0005_Shape-1-copy-8.png\" alt=\"lines_all_0005_Shape-1-copy-8\" itemprop=\"image\" height=\"206\" width=\"2474\" title=\"lines_all_0005_Shape-1-copy-8\" onerror=\"this.style.display='none'\"  \/>\n\t<h2>\n\t\t\t\t\t&#8220;Cinematic CGI for Movies and Commercials&#8221;\n\t\t\t\t<\/h2>\n\t<p>Ke\u010f realita nesta\u010d\u00ed na naplnenie va\u0161ich predst\u00e1v, sa spoliehame na pokro\u010dil\u00e9 techniky digit\u00e1lnej kompoz\u00edcie a zru\u010dnosti v na\u0161om CGI lab\u00e1ku. Od drobn\u00fdch \u00faprav, ktor\u00e9 si ani nev\u0161imnete, a\u017e po dychber\u00face anim\u00e1cie a simul\u00e1cie, ktor\u00e9 v\u00e1s doslova vtiahnu priamo do deja. V\u010faka CGI m\u00f4\u017eeme cestova\u0165 vesm\u00edrom, bojova\u0165 s drakmi alebo sa stret\u00e1va\u0165 s d\u00e1vnymi civiliz\u00e1ciami, a to v\u0161etko bez toho, aby sme opustili pohodlie gau\u010da. CGI s\u00fa k\u013e\u00fa\u010dov\u00fdm prvkom pri tvorbe filmov, rekl\u00e1m a vizu\u00e1lneho kontentu. M\u00f4\u017eeme vytvori\u0165 ak\u00e9ko\u013evek prostredie, od futuristick\u00fdch miest a\u017e po exotick\u00e9 d\u017eungle, a to v\u0161etko v pohodl\u00ed \u0161t\u00fadia co otv\u00e1ra dvere do sveta neobmedzen\u00fdch mo\u017enost\u00ed \u00a0tvorcom prenies\u0165 svoje v\u00edzie na pl\u00e1tno s neb\u00fdvalou presnos\u0165ou a efektivitou. Vizu\u00e1lne efekty s\u00fa ak\u00fdmsi k\u00fazeln\u00edkom v pozad\u00ed, ktor\u00fd dok\u00e1\u017ee premeni\u0165 oby\u010dajn\u00fa hran\u00fa sc\u00e9nu na vizu\u00e1lny z\u00e1\u017eitok. A to je predsa magick\u00e9, nie?\u00a0<\/p>\n\t<meta itemprop=\"url\" content=\"https:\/\/www.modifystudio.sk\/wp-content\/uploads\/2024\/10\/mO_vfx_demo_2024.mp4\" \/><div style=\"width: 640px;\" class=\"wp-video\"><!--[if lt IE 9]><script>document.createElement('video');<\/script><![endif]-->\n<video class=\"wp-video-shortcode\" id=\"video-13571-1\" width=\"640\" height=\"360\" poster=\"https:\/\/www.modifystudio.sk\/wp-content\/uploads\/2024\/10\/film-scaled.jpg\" preload=\"none\" controls=\"controls\"><source type=\"video\/mp4\" src=\"https:\/\/www.modifystudio.sk\/wp-content\/uploads\/2024\/10\/mO_vfx_demo_2024.mp4?_=1\" \/><source type=\"video\/mp4\" src=\"https:\/\/www.modifystudio.sk\/wp-content\/uploads\/2024\/10\/mO_vfx_demo_2024.mp4?_=1\" \/><a href=\"https:\/\/www.modifystudio.sk\/wp-content\/uploads\/2024\/10\/mO_vfx_demo_2024.mp4\">https:\/\/www.modifystudio.sk\/wp-content\/uploads\/2024\/10\/mO_vfx_demo_2024.mp4<\/a><\/video><\/div>\n\t<h2>\n\t\t\t\t\t3D Design\n\t\t\t\t<\/h2>\n\t<ul>\n<li>3D modeling<\/li>\n<li>Photogrametry<\/li>\n<li>Photorealistic 3d scene creation<\/li>\n<li>3D Modeling, UV, Texturing <\/li>\n<li>Cinematic Lighting<\/li>\n<\/ul>\n\t<h2>\n\t\t\t\t\tAnimation\n\t\t\t\t<\/h2>\n\t<ul>\n<li>3D Animation<\/li>\n<li>Particles Simulation<\/li>\n<li>Characters and creatures<\/li>\n<li>Compositing<\/li>\n<\/ul>\n\t<h2>\n\t\t\t\t\tVirtual Production\n\t\t\t\t<\/h2>\n\t<ul>\n<li>Unreal Engine<\/li>\n<li data-list=\"bullet\">Live Tracking System<\/li>\n<li>Virtual 3d scenes &amp; Characters<\/li>\n<li data-list=\"bullet\">Film &amp; Commercials Production<\/li>\n<li data-list=\"bullet\">Virtual Events<\/li>\n<li data-list=\"bullet\">Presentations &amp; Webinars<\/li>\n<\/ul>\n\t<h2>\n\t\t\t\t\tMotion Capture\n\t\t\t\t<\/h2>\n\t<ul>\n<li data-list=\"bullet\">Perception Neuron Mocap<\/li>\n<li data-list=\"bullet\">Full Body Motion Capture<\/li>\n<li data-list=\"bullet\">Face Capture<\/li>\n<li data-list=\"bullet\">Body &amp; Face Retargeting<\/li>\n<li data-list=\"bullet\">Motion cleaning<\/li>\n<\/ul>\n\t\t\t\t<img loading=\"lazy\" decoding=\"async\" src=\"https:\/\/www.modifystudio.sk\/wp-content\/uploads\/2025\/02\/lines_all_0007_Shape-1-copy-6.png\" alt=\"lines_all_0007_Shape-1-copy-6\" itemprop=\"image\" height=\"286\" width=\"2167\" title=\"lines_all_0007_Shape-1-copy-6\" onerror=\"this.style.display='none'\"  \/>\n\t<h2>\n\t\t\t\t\t&#8220;Bringing Powerful Promo&#8221;\n\t\t\t\t<\/h2>\n\t<p>V dne\u0161nej dobe je pre spolo\u010dnosti k\u013e\u00fa\u010dov\u00e9 efekt\u00edvne prezentova\u0165 svoje produkty a slu\u017eby, aby zaujali potenci\u00e1lnych z\u00e1kazn\u00edkov a odli\u0161ili sa od konkurencie. Tvorime vizu\u00e1lne atrakt\u00edvne prezent\u00e1cie ktore poskytuju jasn\u00fd a zrozumite\u013en\u00fd odkaz o hodnot\u00e1ch, cie\u013eoch a ponuke spolo\u010dnosti. Kombinujeme profesion\u00e1lne video, anim\u00e1cie, grafiku a interakt\u00edvne prvky do jedine\u010dn\u00e9ho celku, ktor\u00fd up\u00fata pozornos\u0165 a zanech\u00e1 trval\u00fd dojem. Pon\u00fakame jedine\u010dn\u00e9 rie\u0161enia, ktor\u00e9 v\u00e1s odli\u0161ia od konkurencie a zv\u00fdraznia va\u0161e siln\u00e9 str\u00e1nky. Nechajte svoje podnikanie za\u017eiari\u0165 v najlep\u0161om svetle a z\u00edskajte si srdcia svojich z\u00e1kazn\u00edkov.<\/p>\n\t<meta itemprop=\"url\" content=\"https:\/\/www.modifystudio.sk\/wp-content\/uploads\/2024\/10\/mO_Productss_demo_2024.mp4\" \/><div style=\"width: 640px;\" class=\"wp-video\"><video class=\"wp-video-shortcode\" id=\"video-13571-2\" width=\"640\" height=\"360\" poster=\"https:\/\/www.modifystudio.sk\/wp-content\/uploads\/2024\/10\/cemmercials_01-scaled.jpg\" preload=\"none\" controls=\"controls\"><source type=\"video\/mp4\" src=\"https:\/\/www.modifystudio.sk\/wp-content\/uploads\/2024\/10\/mO_Productss_demo_2024.mp4?_=2\" \/><source type=\"video\/mp4\" src=\"https:\/\/www.modifystudio.sk\/wp-content\/uploads\/2024\/10\/mO_Productss_demo_2024.mp4?_=2\" \/><a href=\"https:\/\/www.modifystudio.sk\/wp-content\/uploads\/2024\/10\/mO_Productss_demo_2024.mp4\">https:\/\/www.modifystudio.sk\/wp-content\/uploads\/2024\/10\/mO_Productss_demo_2024.mp4<\/a><\/video><\/div>\n\t<h2>\n\t\t\t\t\tBrand Presentations\n\t\t\t\t<\/h2>\n\t<ul>\n<li data-list=\"bullet\">Brand Image videos<\/li>\n<li>Commercials<\/li>\n<li data-list=\"bullet\">VR-AR Presentations<\/li>\n<li data-list=\"bullet\">Layout Design<\/li>\n<li data-list=\"bullet\">Custom art\u00a0<\/li>\n<\/ul>\n\t<h2>\n\t\t\t\t\tProduct Videos\n\t\t\t\t<\/h2>\n\t<ul>\n<li data-list=\"bullet\">3D Product Demo<\/li>\n<li data-list=\"bullet\">Review and Tutorials Videos<\/li>\n<li data-list=\"bullet\">How to &amp; Training Videos<\/li>\n<li data-list=\"bullet\">VR- AR Presentation<\/li>\n<li data-list=\"bullet\">Voice &amp; Sound Design<\/li>\n<\/ul>\n\t<h2>\n\t\t\t\t\tMotion Graphic\n\t\t\t\t<\/h2>\n\t<ul>\n<li data-list=\"bullet\">Logo Reveals<\/li>\n<li data-list=\"bullet\">Cartoon Explainers<\/li>\n<li data-list=\"bullet\">2D\/3D assets<\/li>\n<li data-list=\"bullet\">Infographic &amp; Titles<\/li>\n<\/ul>\n\t<h2>\n\t\t\t\t\tArchviz\n\t\t\t\t<\/h2>\n\t<ul>\n<li data-list=\"bullet\">Interior and Exterior Visualisation<\/li>\n<li data-list=\"bullet\">Interactive VR Presentation<\/li>\n<li data-list=\"bullet\">How to Build<\/li>\n<\/ul>\n\t\t\t\t<img loading=\"lazy\" decoding=\"async\" src=\"https:\/\/www.modifystudio.sk\/wp-content\/uploads\/2025\/02\/lines_all_0005_Shape-1-copy-8.png\" alt=\"lines_all_0005_Shape-1-copy-8\" itemprop=\"image\" height=\"206\" width=\"2474\" title=\"lines_all_0005_Shape-1-copy-8\" onerror=\"this.style.display='none'\"  \/>\n<h2>\n\t\tDiscover Our Projects\n\t<\/h2>\n<h2>\n\t\tAwesome companies we&#8217;ve worked with\n\t<\/h2>\n\t\t\t\t<img loading=\"lazy\" decoding=\"async\" src=\"https:\/\/www.modifystudio.sk\/wp-content\/uploads\/2024\/08\/ingenico.png\" alt=\"ingenico\" itemprop=\"image\" height=\"700\" width=\"700\" title=\"ingenico\" onerror=\"this.style.display='none'\"  \/>\n\t\t\t\t<img loading=\"lazy\" decoding=\"async\" src=\"https:\/\/www.modifystudio.sk\/wp-content\/uploads\/2024\/08\/postova_banka.png\" alt=\"postova_banka\" itemprop=\"image\" height=\"700\" width=\"700\" title=\"postova_banka\" onerror=\"this.style.display='none'\"  \/>\n\t\t\t\t<img loading=\"lazy\" decoding=\"async\" src=\"https:\/\/www.modifystudio.sk\/wp-content\/uploads\/2024\/08\/Ister_Tower.png\" alt=\"Ister_Tower\" itemprop=\"image\" height=\"700\" width=\"700\" title=\"Ister_Tower\" onerror=\"this.style.display='none'\"  \/>\n\t\t\t\t<img loading=\"lazy\" decoding=\"async\" src=\"https:\/\/www.modifystudio.sk\/wp-content\/uploads\/2024\/08\/cbre.png\" alt=\"cbre\" itemprop=\"image\" height=\"700\" width=\"700\" title=\"cbre\" onerror=\"this.style.display='none'\"  \/>\n\t\t\t\t<img loading=\"lazy\" decoding=\"async\" src=\"https:\/\/www.modifystudio.sk\/wp-content\/uploads\/2024\/08\/semperis.png\" alt=\"semperis\" itemprop=\"image\" height=\"700\" width=\"700\" title=\"semperis\" onerror=\"this.style.display='none'\"  \/>\n\t\t\t\t<img loading=\"lazy\" decoding=\"async\" src=\"https:\/\/www.modifystudio.sk\/wp-content\/uploads\/2024\/08\/ZB73.png\" alt=\"ZB73\" itemprop=\"image\" height=\"700\" width=\"700\" title=\"ZB73\" onerror=\"this.style.display='none'\"  \/>\n\t\t\t\t<img loading=\"lazy\" decoding=\"async\" src=\"https:\/\/www.modifystudio.sk\/wp-content\/uploads\/2024\/08\/greencon.png\" alt=\"greencon\" itemprop=\"image\" height=\"700\" width=\"700\" title=\"greencon\" onerror=\"this.style.display='none'\"  \/>\n\t\t\t\t<img loading=\"lazy\" decoding=\"async\" src=\"https:\/\/www.modifystudio.sk\/wp-content\/uploads\/2024\/08\/rtvs.png\" alt=\"rtvs\" itemprop=\"image\" height=\"700\" width=\"700\" title=\"rtvs\" onerror=\"this.style.display='none'\"  \/>\n\t\t\t\t<img loading=\"lazy\" decoding=\"async\" src=\"https:\/\/www.modifystudio.sk\/wp-content\/uploads\/2024\/08\/md_education.png\" alt=\"md_education\" itemprop=\"image\" height=\"700\" width=\"700\" title=\"md_education\" onerror=\"this.style.display='none'\"  \/>\n\t\t\t\t<img loading=\"lazy\" decoding=\"async\" src=\"https:\/\/www.modifystudio.sk\/wp-content\/uploads\/2024\/08\/lucaffe.png\" alt=\"lucaffe\" itemprop=\"image\" height=\"700\" width=\"700\" title=\"lucaffe\" onerror=\"this.style.display='none'\"  \/>\n\t\t\t\t<img loading=\"lazy\" decoding=\"async\" src=\"https:\/\/www.modifystudio.sk\/wp-content\/uploads\/2024\/08\/celtrion.png\" alt=\"celtrion\" itemprop=\"image\" height=\"700\" width=\"700\" title=\"celtrion\" onerror=\"this.style.display='none'\"  \/>\n\t\t\t\t<img loading=\"lazy\" decoding=\"async\" src=\"https:\/\/www.modifystudio.sk\/wp-content\/uploads\/2024\/08\/mzone.png\" alt=\"mzone\" itemprop=\"image\" height=\"700\" width=\"700\" title=\"mzone\" onerror=\"this.style.display='none'\"  \/>\n\t\t\t\t<img loading=\"lazy\" decoding=\"async\" src=\"https:\/\/www.modifystudio.sk\/wp-content\/uploads\/2024\/08\/scorentino.png\" alt=\"scorentino\" itemprop=\"image\" height=\"700\" width=\"700\" title=\"scorentino\" onerror=\"this.style.display='none'\"  \/>\n\t\t\t\t<img loading=\"lazy\" decoding=\"async\" src=\"https:\/\/www.modifystudio.sk\/wp-content\/uploads\/2024\/08\/smoby.png\" alt=\"smoby\" itemprop=\"image\" height=\"700\" width=\"700\" title=\"smoby\" onerror=\"this.style.display='none'\"  \/>\n\t\t\t\t<img loading=\"lazy\" decoding=\"async\" src=\"https:\/\/www.modifystudio.sk\/wp-content\/uploads\/2024\/08\/pristavna1.png\" alt=\"pristavna1\" itemprop=\"image\" height=\"700\" width=\"700\" title=\"pristavna1\" onerror=\"this.style.display='none'\"  \/>\n\t\t\t\t<img loading=\"lazy\" decoding=\"async\" src=\"https:\/\/www.modifystudio.sk\/wp-content\/uploads\/2024\/08\/adidas.png\" alt=\"adidas\" itemprop=\"image\" height=\"700\" width=\"700\" title=\"adidas\" onerror=\"this.style.display='none'\"  \/>\n\t\t\t\t<img loading=\"lazy\" decoding=\"async\" src=\"https:\/\/www.modifystudio.sk\/wp-content\/uploads\/2024\/08\/pumptrack.png\" alt=\"pumptrack\" itemprop=\"image\" height=\"700\" width=\"700\" title=\"pumptrack\" onerror=\"this.style.display='none'\"  \/>\n\t\t\t\t<img loading=\"lazy\" decoding=\"async\" src=\"https:\/\/www.modifystudio.sk\/wp-content\/uploads\/2024\/08\/langie.png\" alt=\"langie\" itemprop=\"image\" height=\"700\" width=\"700\" title=\"langie\" onerror=\"this.style.display='none'\"  \/>\n\t\t\t\t<img loading=\"lazy\" decoding=\"async\" src=\"https:\/\/www.modifystudio.sk\/wp-content\/uploads\/2024\/08\/skoda.png\" alt=\"skoda\" itemprop=\"image\" height=\"700\" width=\"700\" title=\"skoda\" onerror=\"this.style.display='none'\"  \/>\n\t\t\t\t<img loading=\"lazy\" decoding=\"async\" src=\"https:\/\/www.modifystudio.sk\/wp-content\/uploads\/2024\/08\/demenovka.png\" alt=\"demenovka\" itemprop=\"image\" height=\"700\" width=\"700\" title=\"demenovka\" onerror=\"this.style.display='none'\"  \/>\n\t\t\t\t<img loading=\"lazy\" decoding=\"async\" src=\"https:\/\/www.modifystudio.sk\/wp-content\/uploads\/2024\/08\/pokec.png\" alt=\"pokec\" itemprop=\"image\" height=\"700\" width=\"700\" title=\"pokec\" onerror=\"this.style.display='none'\"  \/>\n\t\t\t\t<img loading=\"lazy\" decoding=\"async\" src=\"https:\/\/www.modifystudio.sk\/wp-content\/uploads\/2024\/08\/sak.png\" alt=\"sak\" itemprop=\"image\" height=\"700\" width=\"700\" title=\"sak\" onerror=\"this.style.display='none'\"  \/>\n\t\t\t\t<img loading=\"lazy\" decoding=\"async\" src=\"https:\/\/www.modifystudio.sk\/wp-content\/uploads\/2024\/08\/cdwt.png\" alt=\"cdwt\" itemprop=\"image\" height=\"700\" width=\"700\" title=\"cdwt\" onerror=\"this.style.display='none'\"  \/>\n\t\t\t\t<img loading=\"lazy\" decoding=\"async\" src=\"https:\/\/www.modifystudio.sk\/wp-content\/uploads\/2024\/08\/lyreco.png\" alt=\"lyreco\" itemprop=\"image\" height=\"700\" width=\"700\" title=\"lyreco\" onerror=\"this.style.display='none'\"  \/>\n<h2>\n\t\tWe will modify your next project\n\t<\/h2>\n\t<p>Na\u0161\u00edm poslan\u00edm je poskytova\u0165 klientom z cel\u00e9ho sveta prvotriedne digit\u00e1lne produkcie, ktor\u00e9 im pom\u00f4\u017eu dosiahnu\u0165 \u00faspech vo svojom podnikan\u00ed. Nev\u00e1hajte sa na n\u00e1s obr\u00e1ti\u0165 s akouko\u013evek ot\u00e1zkou alebo n\u00e1padom. Radi v\u00e1m porad\u00edme a spolo\u010dne n\u00e1jdeme najlep\u0161\u00ed sp\u00f4sob, ako realizova\u0165 v\u00e1\u0161 projekt.<\/p>\n<p><em><strong>Te\u0161\u00edme sa na priate\u013esk\u00fa a \u00faspe\u0161n\u00fa spolupr\u00e1cu s vami!<\/strong><\/em><\/p>\n\t<iframe src=\"https:\/\/www.google.com\/maps\/embed\/v1\/place?key=AIzaSyD09zQ9PNDNNy9TadMuzRV_UsPUoWKntt8&#038;q=mOdify+studio\"><\/iframe>\n\n","protected":false},"excerpt":{"rendered":"<p>Hi, we are mOdify studio Na\u0161a crew v\u00e1m pon\u00faka jedine\u010dnu zmes digit\u00e1lnych zru\u010dnost\u00ed, s cie\u013eom prinies\u0165 do v\u00e1\u0161ho projektu nov\u00fd inovat\u00edvny rozmer, ktor\u00fd zanech\u00e1 dojem, vyvol\u00e1 em\u00f3cie a bude in\u0161pirova\u0165.Radi spolupracujeme s firmami a jednotlivcami, ktor\u00ed tvoria n\u00e1padit\u00e9 produkty a unik\u00e1tne koncepty, preto\u017ee to n\u00e1m umo\u017e\u0148uje objavova\u0165 nov\u00e9 horizonty a [&hellip;]<\/p>\n","protected":false},"author":1,"featured_media":545,"parent":0,"menu_order":0,"comment_status":"closed","ping_status":"closed","template":"page-templates\/homepage-builder-bb.php","meta":{"_monsterinsights_skip_tracking":false,"_monsterinsights_sitenote_active":false,"_monsterinsights_sitenote_note":"","_monsterinsights_sitenote_category":0,"footnotes":""},"class_list":["post-13571","page","type-page","status-publish","has-post-thumbnail","hentry"],"yoast_head":"<!-- This site is optimized with the Yoast SEO plugin v24.5 - https:\/\/yoast.com\/wordpress\/plugins\/seo\/ -->\n<title>mOdify studio<\/title>\n<meta name=\"description\" content=\"mOdify studio \u2013 slovensk\u00e9 CGI a digit\u00e1lne produk\u010dn\u00e9 \u0161t\u00fadio. 3D anim\u00e1cia, motion capture, virtual production a reklamn\u00e9 vide\u00e1 pre firmy.\" \/>\n<meta name=\"robots\" content=\"index, follow, max-snippet:-1, max-image-preview:large, max-video-preview:-1\" \/>\n<link rel=\"canonical\" href=\"https:\/\/www.modifystudio.sk\/\" \/>\n<meta property=\"og:locale\" content=\"sk_SK\" \/>\n<meta property=\"og:type\" content=\"article\" \/>\n<meta property=\"og:title\" content=\"mOdify studio\" \/>\n<meta property=\"og:description\" content=\"mOdify studio \u2013 slovensk\u00e9 CGI a digit\u00e1lne produk\u010dn\u00e9 \u0161t\u00fadio. 3D anim\u00e1cia, motion capture, virtual production a reklamn\u00e9 vide\u00e1 pre firmy.\" \/>\n<meta property=\"og:url\" content=\"https:\/\/www.modifystudio.sk\/\" \/>\n<meta property=\"og:site_name\" content=\"mOdify studio\" \/>\n<meta property=\"article:modified_time\" content=\"2026-03-07T00:37:35+00:00\" \/>\n<meta property=\"og:image\" content=\"https:\/\/www.modifystudio.sk\/wp-content\/uploads\/2020\/05\/m_120.png\" \/>\n\t<meta property=\"og:image:width\" content=\"120\" \/>\n\t<meta property=\"og:image:height\" content=\"120\" \/>\n\t<meta property=\"og:image:type\" content=\"image\/png\" \/>\n<meta name=\"twitter:card\" content=\"summary_large_image\" \/>\n<meta name=\"twitter:label1\" content=\"Predpokladan\u00fd \u010das \u010d\u00edtania\" \/>\n\t<meta name=\"twitter:data1\" content=\"12 min\u00fat\" \/>\n<script type=\"application\/ld+json\" class=\"yoast-schema-graph\">{\"@context\":\"https:\/\/schema.org\",\"@graph\":[{\"@type\":\"WebPage\",\"@id\":\"https:\/\/www.modifystudio.sk\/\",\"url\":\"https:\/\/www.modifystudio.sk\/\",\"name\":\"mOdify studio\",\"isPartOf\":{\"@id\":\"https:\/\/www.modifystudio.sk\/#website\"},\"primaryImageOfPage\":{\"@id\":\"https:\/\/www.modifystudio.sk\/#primaryimage\"},\"image\":{\"@id\":\"https:\/\/www.modifystudio.sk\/#primaryimage\"},\"thumbnailUrl\":\"https:\/\/www.modifystudio.sk\/wp-content\/uploads\/2020\/05\/m_120.png\",\"datePublished\":\"2025-02-27T01:00:05+00:00\",\"dateModified\":\"2026-03-07T00:37:35+00:00\",\"description\":\"mOdify studio \u2013 slovensk\u00e9 CGI a digit\u00e1lne produk\u010dn\u00e9 \u0161t\u00fadio. 3D anim\u00e1cia, motion capture, virtual production a reklamn\u00e9 vide\u00e1 pre firmy.\",\"breadcrumb\":{\"@id\":\"https:\/\/www.modifystudio.sk\/#breadcrumb\"},\"inLanguage\":\"sk-SK\",\"potentialAction\":[{\"@type\":\"ReadAction\",\"target\":[\"https:\/\/www.modifystudio.sk\/\"]}]},{\"@type\":\"ImageObject\",\"inLanguage\":\"sk-SK\",\"@id\":\"https:\/\/www.modifystudio.sk\/#primaryimage\",\"url\":\"https:\/\/www.modifystudio.sk\/wp-content\/uploads\/2020\/05\/m_120.png\",\"contentUrl\":\"https:\/\/www.modifystudio.sk\/wp-content\/uploads\/2020\/05\/m_120.png\",\"width\":120,\"height\":120},{\"@type\":\"BreadcrumbList\",\"@id\":\"https:\/\/www.modifystudio.sk\/#breadcrumb\",\"itemListElement\":[{\"@type\":\"ListItem\",\"position\":1,\"name\":\"Domovsk\u00e1 str\u00e1nka\",\"item\":\"https:\/\/www.modifystudio.sk\/\"},{\"@type\":\"ListItem\",\"position\":2,\"name\":\"mOdify studio\"}]},{\"@type\":\"WebSite\",\"@id\":\"https:\/\/www.modifystudio.sk\/#website\",\"url\":\"https:\/\/www.modifystudio.sk\/\",\"name\":\"mOdify studio\",\"description\":\"vfx studio\",\"publisher\":{\"@id\":\"https:\/\/www.modifystudio.sk\/#organization\"},\"potentialAction\":[{\"@type\":\"SearchAction\",\"target\":{\"@type\":\"EntryPoint\",\"urlTemplate\":\"https:\/\/www.modifystudio.sk\/?s={search_term_string}\"},\"query-input\":{\"@type\":\"PropertyValueSpecification\",\"valueRequired\":true,\"valueName\":\"search_term_string\"}}],\"inLanguage\":\"sk-SK\"},{\"@type\":\"Organization\",\"@id\":\"https:\/\/www.modifystudio.sk\/#organization\",\"name\":\"mOdify studio\",\"url\":\"https:\/\/www.modifystudio.sk\/\",\"logo\":{\"@type\":\"ImageObject\",\"inLanguage\":\"sk-SK\",\"@id\":\"https:\/\/www.modifystudio.sk\/#\/schema\/logo\/image\/\",\"url\":\"https:\/\/www.modifystudio.sk\/wp-content\/uploads\/2023\/06\/logo_white_full.png\",\"contentUrl\":\"https:\/\/www.modifystudio.sk\/wp-content\/uploads\/2023\/06\/logo_white_full.png\",\"width\":600,\"height\":140,\"caption\":\"mOdify studio\"},\"image\":{\"@id\":\"https:\/\/www.modifystudio.sk\/#\/schema\/logo\/image\/\"}}]}<\/script>\n<!-- \/ Yoast SEO plugin. -->","yoast_head_json":{"title":"mOdify studio","description":"mOdify studio \u2013 slovensk\u00e9 CGI a digit\u00e1lne produk\u010dn\u00e9 \u0161t\u00fadio. 3D anim\u00e1cia, motion capture, virtual production a reklamn\u00e9 vide\u00e1 pre firmy.","robots":{"index":"index","follow":"follow","max-snippet":"max-snippet:-1","max-image-preview":"max-image-preview:large","max-video-preview":"max-video-preview:-1"},"canonical":"https:\/\/www.modifystudio.sk\/","og_locale":"sk_SK","og_type":"article","og_title":"mOdify studio","og_description":"mOdify studio \u2013 slovensk\u00e9 CGI a digit\u00e1lne produk\u010dn\u00e9 \u0161t\u00fadio. 3D anim\u00e1cia, motion capture, virtual production a reklamn\u00e9 vide\u00e1 pre firmy.","og_url":"https:\/\/www.modifystudio.sk\/","og_site_name":"mOdify studio","article_modified_time":"2026-03-07T00:37:35+00:00","og_image":[{"width":120,"height":120,"url":"https:\/\/www.modifystudio.sk\/wp-content\/uploads\/2020\/05\/m_120.png","type":"image\/png"}],"twitter_card":"summary_large_image","twitter_misc":{"Predpokladan\u00fd \u010das \u010d\u00edtania":"12 min\u00fat"},"schema":{"@context":"https:\/\/schema.org","@graph":[{"@type":"WebPage","@id":"https:\/\/www.modifystudio.sk\/","url":"https:\/\/www.modifystudio.sk\/","name":"mOdify studio","isPartOf":{"@id":"https:\/\/www.modifystudio.sk\/#website"},"primaryImageOfPage":{"@id":"https:\/\/www.modifystudio.sk\/#primaryimage"},"image":{"@id":"https:\/\/www.modifystudio.sk\/#primaryimage"},"thumbnailUrl":"https:\/\/www.modifystudio.sk\/wp-content\/uploads\/2020\/05\/m_120.png","datePublished":"2025-02-27T01:00:05+00:00","dateModified":"2026-03-07T00:37:35+00:00","description":"mOdify studio \u2013 slovensk\u00e9 CGI a digit\u00e1lne produk\u010dn\u00e9 \u0161t\u00fadio. 3D anim\u00e1cia, motion capture, virtual production a reklamn\u00e9 vide\u00e1 pre firmy.","breadcrumb":{"@id":"https:\/\/www.modifystudio.sk\/#breadcrumb"},"inLanguage":"sk-SK","potentialAction":[{"@type":"ReadAction","target":["https:\/\/www.modifystudio.sk\/"]}]},{"@type":"ImageObject","inLanguage":"sk-SK","@id":"https:\/\/www.modifystudio.sk\/#primaryimage","url":"https:\/\/www.modifystudio.sk\/wp-content\/uploads\/2020\/05\/m_120.png","contentUrl":"https:\/\/www.modifystudio.sk\/wp-content\/uploads\/2020\/05\/m_120.png","width":120,"height":120},{"@type":"BreadcrumbList","@id":"https:\/\/www.modifystudio.sk\/#breadcrumb","itemListElement":[{"@type":"ListItem","position":1,"name":"Domovsk\u00e1 str\u00e1nka","item":"https:\/\/www.modifystudio.sk\/"},{"@type":"ListItem","position":2,"name":"mOdify studio"}]},{"@type":"WebSite","@id":"https:\/\/www.modifystudio.sk\/#website","url":"https:\/\/www.modifystudio.sk\/","name":"mOdify studio","description":"vfx studio","publisher":{"@id":"https:\/\/www.modifystudio.sk\/#organization"},"potentialAction":[{"@type":"SearchAction","target":{"@type":"EntryPoint","urlTemplate":"https:\/\/www.modifystudio.sk\/?s={search_term_string}"},"query-input":{"@type":"PropertyValueSpecification","valueRequired":true,"valueName":"search_term_string"}}],"inLanguage":"sk-SK"},{"@type":"Organization","@id":"https:\/\/www.modifystudio.sk\/#organization","name":"mOdify studio","url":"https:\/\/www.modifystudio.sk\/","logo":{"@type":"ImageObject","inLanguage":"sk-SK","@id":"https:\/\/www.modifystudio.sk\/#\/schema\/logo\/image\/","url":"https:\/\/www.modifystudio.sk\/wp-content\/uploads\/2023\/06\/logo_white_full.png","contentUrl":"https:\/\/www.modifystudio.sk\/wp-content\/uploads\/2023\/06\/logo_white_full.png","width":600,"height":140,"caption":"mOdify studio"},"image":{"@id":"https:\/\/www.modifystudio.sk\/#\/schema\/logo\/image\/"}}]}},"_links":{"self":[{"href":"https:\/\/www.modifystudio.sk\/index.php?rest_route=\/wp\/v2\/pages\/13571","targetHints":{"allow":["GET"]}}],"collection":[{"href":"https:\/\/www.modifystudio.sk\/index.php?rest_route=\/wp\/v2\/pages"}],"about":[{"href":"https:\/\/www.modifystudio.sk\/index.php?rest_route=\/wp\/v2\/types\/page"}],"author":[{"embeddable":true,"href":"https:\/\/www.modifystudio.sk\/index.php?rest_route=\/wp\/v2\/users\/1"}],"replies":[{"embeddable":true,"href":"https:\/\/www.modifystudio.sk\/index.php?rest_route=%2Fwp%2Fv2%2Fcomments&post=13571"}],"version-history":[{"count":5,"href":"https:\/\/www.modifystudio.sk\/index.php?rest_route=\/wp\/v2\/pages\/13571\/revisions"}],"predecessor-version":[{"id":13600,"href":"https:\/\/www.modifystudio.sk\/index.php?rest_route=\/wp\/v2\/pages\/13571\/revisions\/13600"}],"wp:featuredmedia":[{"embeddable":true,"href":"https:\/\/www.modifystudio.sk\/index.php?rest_route=\/wp\/v2\/media\/545"}],"wp:attachment":[{"href":"https:\/\/www.modifystudio.sk\/index.php?rest_route=%2Fwp%2Fv2%2Fmedia&parent=13571"}],"curies":[{"name":"wp","href":"https:\/\/api.w.org\/{rel}","templated":true}]}}